{"id":501,"date":"2025-10-17T15:09:05","date_gmt":"2025-10-17T13:09:05","guid":{"rendered":"https:\/\/www.hochgepokert.com\/pl\/?page_id=501"},"modified":"2025-11-11T15:35:00","modified_gmt":"2025-11-11T14:35:00","slug":"o-nas","status":"publish","type":"page","link":"https:\/\/www.hochgepokert.com\/pl\/o-nas\/","title":{"rendered":"O nas"},"content":{"rendered":"<h1 class=\"wp-block-heading\">O Hochgepokert Polska \ud83c\uddf5\ud83c\uddf1<\/h1><p>Poker ma si\u0119 w Polsce lepiej ni\u017c kiedykolwiek. Ro\u015bnie zainteresowanie uczciw\u0105 gr\u0105, mocnymi turniejami i rzetelnymi informacjami. I tu w\u0142a\u015bnie wkracza <strong>Hochgepokert Polska<\/strong>.<\/p><p>Jeste\u015bmy Twoim niezale\u017cnym przewodnikiem po \u015bwiecie gier hazardowych \u2013 nie tylko pokera ale i kasyn online. Naszym celem jest <strong>dostarczanie aktualno\u015bci, szczerych test\u00f3w i dog\u0142\u0119bnych analiz<\/strong>, kt\u00f3re <strong>faktycznie Ci pomog\u0105<\/strong> \u2013 niezale\u017cnie od tego, czy siadasz do sto\u0142u po raz pierwszy, czy grasz ju\u017c z profesjonalistami o du\u017ce pule.<\/p><h3 class=\"wp-block-heading\">Nasza misja<\/h3><p>Hazard to co\u015b wi\u0119cej ni\u017c przypadek \u2013 to strategia, emocje i spo\u0142eczno\u015b\u0107. Zesp\u00f3\u0142 Hochgepokert Polska chce promowa\u0107 t\u0119 fascynacj\u0119, a jednocze\u015bnie dba\u0107 o transparentno\u015b\u0107 i bezpiecze\u0144stwo.<\/p><p><strong>Dlatego wszystkie nasze tre\u015bci s\u0105 tworzone lub weryfikowane przez ekspert\u00f3w bran\u017cowych.<\/strong><\/p><p>Informujemy o nowych trendach na polskim rynku, dajemy wskaz\u00f3wki dotycz\u0105ce odpowiedzialnej gry i pokazujemy, gdzie znale\u017a\u0107 najlepsze oferty i wydarzenia \u2013 <strong>w Twojej okolicy i online<\/strong>.<\/p><hr class=\"wp-block-separator has-alpha-channel-opacity\" \/><h2 class=\"wp-block-heading\">Co oferujemy<\/h2><h3 class=\"wp-block-heading\">Polskie newsy pokerowe i turnieje<\/h3><p>Relacjonujemy bezpo\u015brednio ze sto\u0142\u00f3w: od regionalnych lig pokerowych, przez turnieje w legalnych kasynach naziemnych w <strong>Polsce i na \u015bwiecie<\/strong>, po ekscytuj\u0105ce <strong>akcje pokerowe online<\/strong>. Nasza redakcja dostarcza ekskluzywne spostrze\u017cenia, wywiady z graczami, rankingi i historie ze \u015bwiata pokera w Polsce i regionie.<\/p><h3 class=\"wp-block-heading\">Kasyna w Polsce<\/h3><p>Niezale\u017cnie od tego, czy jest to klasyczne kasyno naziemne, czy kasyno online z licencj\u0105 \u2013 por\u00f3wnujemy, testujemy i oceniamy najlepszych dostawc\u00f3w. Zwracamy uwag\u0119 na uczciwe warunki bonus\u00f3w, \u0142atwe p\u0142atno\u015bci w <strong>PLN<\/strong> oraz niezawodne wsparcie. Nasze recenzje s\u0105 <strong>regularnie aktualizowane<\/strong>, aby odzwierciedla\u0107 najnowsze regulacje i oferty.<\/p><h3 class=\"wp-block-heading\">Rozrywka i spo\u0142eczno\u015b\u0107<\/h3><p>\u015awi\u0119tujemy r\u00f3\u017cnorodno\u015b\u0107 sceny: wywiady z profesjonalistami, relacje na \u017cywo z du\u017cych sto\u0142\u00f3w fina\u0142owych, sprawozdania z wydarze\u0144 i ciekawe historie. Do tego dochodz\u0105 najciekawsze tre\u015bci z medi\u00f3w spo\u0142eczno\u015bciowych oraz dyskusje na temat pokera i kasyna.<\/p><hr class=\"wp-block-separator has-alpha-channel-opacity\" \/><h2 class=\"wp-block-heading\">Nasze warto\u015bci<\/h2><h3 class=\"wp-block-heading\">Niezale\u017cno\u015b\u0107 i transparentno\u015b\u0107<\/h3><p>Nie jeste\u015bmy portalem reklamowym. Nasze oceny opieraj\u0105 si\u0119 na w\u0142asnych testach i szczerych analizach. Ka\u017cda wsp\u00f3\u0142praca handlowa jest wyra\u017anie oznaczona, co gwarantuje pe\u0142n\u0105 transparentno\u015b\u0107. Nasza opinia pozostaje nieodp\u0142atnie niezale\u017cna.<\/p><h3 class=\"wp-block-heading\">Lokalnie i rzetelnie<\/h3><p>Znamy polsk\u0105 scen\u0119. Informujemy o krajowych turniejach, graczach, dostawcach i trendach \u2013 a nie o anonimowych rynkach. Nasze tre\u015bci s\u0105 dopasowane do potrzeb Polak\u00f3w: od <strong>metod p\u0142atno\u015bci (Blik, Przelewy24, PayU)<\/strong> po zgodno\u015b\u0107 z lokalnymi przepisami dotycz\u0105cymi hazardu.<\/p><h3 class=\"wp-block-heading\">Odpowiedzialna gra: Bezpiecze\u0144stwo jest kluczem<\/h3><p>Sprawdzona i odpowiedzialna zabawa stoi na pierwszym miejscu. Promujemy \u015bwiadome podej\u015bcie do hazardu, informujemy o mo\u017cliwo\u015bciach samoograniczenia i pomagamy znale\u017a\u0107 specjalistyczne pomoce dla os\u00f3b uzale\u017cnionych.<\/p><p>Transparentno\u015b\u0107, legalno\u015b\u0107 i bezpiecze\u0144stwo s\u0105 dla nas podstaw\u0105 dzia\u0142ania serwisu.<\/p><hr class=\"wp-block-separator has-alpha-channel-opacity\" \/><h2 class=\"wp-block-heading\">Jak pracujemy<\/h2><p>Nasz zesp\u00f3\u0142 sk\u0142ada si\u0119 z <strong>zawodowych pokerzyst\u00f3w i ekspert\u00f3w kasynowych, z udokumentowanym do\u015bwiadczeniem w bran\u017cy<\/strong>. Dok\u0142adnie badamy, sprawdzamy wszystkie fakty i osobi\u015bcie testujemy, zanim co\u015b opublikujemy.<\/p><p>Nasze zasady:<\/p><ul class=\"wp-block-list has-background\" style=\"background-color: #f7f7f7\"><li><strong>Reakcja zamiast PR:<\/strong> Publikujemy tre\u015bci dziennikarskie o warto\u015bci dodanej, a nie p\u0142atne teksty promocyjne.<\/li><li><strong>Prawdziwe do\u015bwiadczenia:<\/strong> Nasi testerzy graj\u0105 osobi\u015bcie \u2013 w kasynach, online i podczas turniej\u00f3w. Weryfikujemy i opisujemy tylko operator\u00f3w z licencj\u0105.<\/li><li><strong>Ci\u0105g\u0142a aktualizacja:<\/strong> Utrzymujemy nasze tre\u015bci aktualne, zw\u0142aszcza w odniesieniu do nowych przepis\u00f3w, licencji i promocji na polskim rynku.<\/li><\/ul><hr class=\"wp-block-separator has-alpha-channel-opacity\" \/><h2 class=\"wp-block-heading\"><strong>Nasze zobowi\u0105zanie wobec ciebie<\/strong><\/h2><p>W Hochgepokert Polska otrzymasz <strong>rzetelne informacje zamiast pustych obietnic<\/strong>. My pokazujemy jasno, kt\u00f3rzy dostawcy s\u0105 legalni i godni zaufania, jakie promocje s\u0105 warte zachodu \u2013 i gdzie nale\u017cy zachowa\u0107 ostro\u017cno\u015b\u0107.<\/p><p>Kochamy pokera i kasyna \u2013 ale przede wszystkim kochamy gr\u0119 w jej uczciwej, rzetelnej i ekscytuj\u0105cej formie.<\/p><p>Niezale\u017cnie od tego, czy jeste\u015b z Warszawy, Krakowa, \u0141odzi czy Szczecina: <strong>Hochgepokert Polska<\/strong> to Tw\u00f3j zaufany partner we wszystkim, co dotyczy gry ze stylem, strategi\u0105 i polsk\u0105 precyzj\u0105.<\/p>","protected":false},"excerpt":{"rendered":"<p>O Hochgepokert Polska \ud83c\uddf5\ud83c\uddf1Poker ma si\u0119 w Polsce lepiej ni\u017c kiedykolwiek. Ro\u015bnie zainteresowanie uczciw\u0105 gr\u0105, mocnymi turniejami i rzetelnymi informacjami. I tu w\u0142a\u015bnie wkracza Hochgepokert Polska.Jeste\u015bmy Twoim niezale\u017cnym przewodnikiem po \u015bwiecie gier hazardowych \u2013 nie tylko pokera ale i kasyn online. Naszym celem jest dostarczanie aktualno\u015bci, szczerych test\u00f3w i dog\u0142\u0119bnych analiz, kt\u00f3re faktycznie Ci pomog\u0105 [&hellip;]<\/p>","protected":false},"author":152092,"featured_media":0,"parent":0,"menu_order":0,"comment_status":"closed","ping_status":"closed","template":"","meta":{"_acf_changed":false,"_lmt_disableupdate":"","_lmt_disable":"","footnotes":""},"categories":[],"tags":[],"class_list":["post-501","page","type-page","status-publish","hentry"],"acf":[],"yoast_head":"<!-- This site is optimized with the Yoast SEO plugin v25.6 - https:\/\/yoast.com\/wordpress\/plugins\/seo\/ -->\n<title>O nas \u2013 Eksperci, misja i wiarygodno\u015b\u0107 portalu<\/title>\n<meta name=\"description\" content=\"Poznaj nasz zesp\u00f3\u0142 zawodowych pokerzyst\u00f3w i ekspert\u00f3w kasynowych. Sprawd\u017a, jak dzia\u0142amy, dbaj\u0105c o niezale\u017cno\u015b\u0107, legalno\u015b\u0107 i odpowiedzialn\u0105 gr\u0119 w Polsce.\" \/>\n<meta name=\"robots\" content=\"index, follow, max-snippet:-1, max-image-preview:large, max-video-preview:-1\" \/>\n<link rel=\"canonical\" href=\"https:\/\/www.hochgepokert.com\/pl\/o-nas\/\" \/>\n<meta property=\"og:locale\" content=\"pl_PL\" \/>\n<meta property=\"og:type\" content=\"article\" \/>\n<meta property=\"og:title\" content=\"O nas \u2013 Eksperci, misja i wiarygodno\u015b\u0107 portalu\" \/>\n<meta property=\"og:description\" content=\"Poznaj nasz zesp\u00f3\u0142 zawodowych pokerzyst\u00f3w i ekspert\u00f3w kasynowych. Sprawd\u017a, jak dzia\u0142amy, dbaj\u0105c o niezale\u017cno\u015b\u0107, legalno\u015b\u0107 i odpowiedzialn\u0105 gr\u0119 w Polsce.\" \/>\n<meta property=\"og:url\" content=\"https:\/\/www.hochgepokert.com\/pl\/o-nas\/\" \/>\n<meta property=\"og:site_name\" content=\"Hochgepokert PL\" \/>\n<meta property=\"article:modified_time\" content=\"2025-11-11T14:35:00+00:00\" \/>\n<meta name=\"twitter:card\" content=\"summary_large_image\" \/>\n<meta name=\"twitter:label1\" content=\"Est. reading time\" \/>\n\t<meta name=\"twitter:data1\" content=\"4 minuty\" \/>\n<script type=\"application\/ld+json\" class=\"yoast-schema-graph\">{\"@context\":\"https:\/\/schema.org\",\"@graph\":[{\"@type\":\"WebPage\",\"@id\":\"https:\/\/www.hochgepokert.com\/pl\/o-nas\/\",\"url\":\"https:\/\/www.hochgepokert.com\/pl\/o-nas\/\",\"name\":\"O nas \u2013 Eksperci, misja i wiarygodno\u015b\u0107 portalu\",\"isPartOf\":{\"@id\":\"https:\/\/www.hochgepokert.com\/pl\/#website\"},\"datePublished\":\"2025-10-17T13:09:05+00:00\",\"dateModified\":\"2025-11-11T14:35:00+00:00\",\"description\":\"Poznaj nasz zesp\u00f3\u0142 zawodowych pokerzyst\u00f3w i ekspert\u00f3w kasynowych. Sprawd\u017a, jak dzia\u0142amy, dbaj\u0105c o niezale\u017cno\u015b\u0107, legalno\u015b\u0107 i odpowiedzialn\u0105 gr\u0119 w Polsce.\",\"breadcrumb\":{\"@id\":\"https:\/\/www.hochgepokert.com\/pl\/o-nas\/#breadcrumb\"},\"inLanguage\":\"pl-PL\",\"potentialAction\":[{\"@type\":\"ReadAction\",\"target\":[\"https:\/\/www.hochgepokert.com\/pl\/o-nas\/\"]}]},{\"@type\":\"BreadcrumbList\",\"@id\":\"https:\/\/www.hochgepokert.com\/pl\/o-nas\/#breadcrumb\",\"itemListElement\":[{\"@type\":\"ListItem\",\"position\":1,\"name\":\"Home\",\"item\":\"https:\/\/www.hochgepokert.com\/pl\/\"},{\"@type\":\"ListItem\",\"position\":2,\"name\":\"O nas\"}]},{\"@type\":\"WebSite\",\"@id\":\"https:\/\/www.hochgepokert.com\/pl\/#website\",\"url\":\"https:\/\/www.hochgepokert.com\/pl\/\",\"name\":\"Hochgepokert PL\",\"description\":\"Poker Zak\u0142ady Sport\",\"potentialAction\":[{\"@type\":\"SearchAction\",\"target\":{\"@type\":\"EntryPoint\",\"urlTemplate\":\"https:\/\/www.hochgepokert.com\/pl\/?s={search_term_string}\"},\"query-input\":{\"@type\":\"PropertyValueSpecification\",\"valueRequired\":true,\"valueName\":\"search_term_string\"}}],\"inLanguage\":\"pl-PL\"}]}<\/script>\n<!-- \/ Yoast SEO plugin. -->","yoast_head_json":{"title":"O nas \u2013 Eksperci, misja i wiarygodno\u015b\u0107 portalu","description":"Poznaj nasz zesp\u00f3\u0142 zawodowych pokerzyst\u00f3w i ekspert\u00f3w kasynowych. Sprawd\u017a, jak dzia\u0142amy, dbaj\u0105c o niezale\u017cno\u015b\u0107, legalno\u015b\u0107 i odpowiedzialn\u0105 gr\u0119 w Polsce.","robots":{"index":"index","follow":"follow","max-snippet":"max-snippet:-1","max-image-preview":"max-image-preview:large","max-video-preview":"max-video-preview:-1"},"canonical":"https:\/\/www.hochgepokert.com\/pl\/o-nas\/","og_locale":"pl_PL","og_type":"article","og_title":"O nas \u2013 Eksperci, misja i wiarygodno\u015b\u0107 portalu","og_description":"Poznaj nasz zesp\u00f3\u0142 zawodowych pokerzyst\u00f3w i ekspert\u00f3w kasynowych. Sprawd\u017a, jak dzia\u0142amy, dbaj\u0105c o niezale\u017cno\u015b\u0107, legalno\u015b\u0107 i odpowiedzialn\u0105 gr\u0119 w Polsce.","og_url":"https:\/\/www.hochgepokert.com\/pl\/o-nas\/","og_site_name":"Hochgepokert PL","article_modified_time":"2025-11-11T14:35:00+00:00","twitter_card":"summary_large_image","twitter_misc":{"Est. reading time":"4 minuty"},"schema":{"@context":"https:\/\/schema.org","@graph":[{"@type":"WebPage","@id":"https:\/\/www.hochgepokert.com\/pl\/o-nas\/","url":"https:\/\/www.hochgepokert.com\/pl\/o-nas\/","name":"O nas \u2013 Eksperci, misja i wiarygodno\u015b\u0107 portalu","isPartOf":{"@id":"https:\/\/www.hochgepokert.com\/pl\/#website"},"datePublished":"2025-10-17T13:09:05+00:00","dateModified":"2025-11-11T14:35:00+00:00","description":"Poznaj nasz zesp\u00f3\u0142 zawodowych pokerzyst\u00f3w i ekspert\u00f3w kasynowych. Sprawd\u017a, jak dzia\u0142amy, dbaj\u0105c o niezale\u017cno\u015b\u0107, legalno\u015b\u0107 i odpowiedzialn\u0105 gr\u0119 w Polsce.","breadcrumb":{"@id":"https:\/\/www.hochgepokert.com\/pl\/o-nas\/#breadcrumb"},"inLanguage":"pl-PL","potentialAction":[{"@type":"ReadAction","target":["https:\/\/www.hochgepokert.com\/pl\/o-nas\/"]}]},{"@type":"BreadcrumbList","@id":"https:\/\/www.hochgepokert.com\/pl\/o-nas\/#breadcrumb","itemListElement":[{"@type":"ListItem","position":1,"name":"Home","item":"https:\/\/www.hochgepokert.com\/pl\/"},{"@type":"ListItem","position":2,"name":"O nas"}]},{"@type":"WebSite","@id":"https:\/\/www.hochgepokert.com\/pl\/#website","url":"https:\/\/www.hochgepokert.com\/pl\/","name":"Hochgepokert PL","description":"Poker Zak\u0142ady Sport","potentialAction":[{"@type":"SearchAction","target":{"@type":"EntryPoint","urlTemplate":"https:\/\/www.hochgepokert.com\/pl\/?s={search_term_string}"},"query-input":{"@type":"PropertyValueSpecification","valueRequired":true,"valueName":"search_term_string"}}],"inLanguage":"pl-PL"}]}},"_links":{"self":[{"href":"https:\/\/www.hochgepokert.com\/pl\/wp-json\/wp\/v2\/pages\/501","targetHints":{"allow":["GET"]}}],"collection":[{"href":"https:\/\/www.hochgepokert.com\/pl\/wp-json\/wp\/v2\/pages"}],"about":[{"href":"https:\/\/www.hochgepokert.com\/pl\/wp-json\/wp\/v2\/types\/page"}],"author":[{"embeddable":true,"href":"https:\/\/www.hochgepokert.com\/pl\/wp-json\/wp\/v2\/users\/152092"}],"replies":[{"embeddable":true,"href":"https:\/\/www.hochgepokert.com\/pl\/wp-json\/wp\/v2\/comments?post=501"}],"version-history":[{"count":3,"href":"https:\/\/www.hochgepokert.com\/pl\/wp-json\/wp\/v2\/pages\/501\/revisions"}],"predecessor-version":[{"id":740,"href":"https:\/\/www.hochgepokert.com\/pl\/wp-json\/wp\/v2\/pages\/501\/revisions\/740"}],"wp:attachment":[{"href":"https:\/\/www.hochgepokert.com\/pl\/wp-json\/wp\/v2\/media?parent=501"}],"wp:term":[{"taxonomy":"category","embeddable":true,"href":"https:\/\/www.hochgepokert.com\/pl\/wp-json\/wp\/v2\/categories?post=501"},{"taxonomy":"post_tag","embeddable":true,"href":"https:\/\/www.hochgepokert.com\/pl\/wp-json\/wp\/v2\/tags?post=501"}],"curies":[{"name":"wp","href":"https:\/\/api.w.org\/{rel}","templated":true}]}}